{"id":71,"date":"2016-05-30T11:05:47","date_gmt":"2016-05-30T09:05:47","guid":{"rendered":"https:\/\/anteogioielli.com\/history\/?page_id=71"},"modified":"2021-02-17T09:39:56","modified_gmt":"2021-02-17T08:39:56","slug":"privacy","status":"publish","type":"page","link":"https:\/\/anteogioielli.com\/history\/privacy\/","title":{"rendered":"Privacy"},"content":{"rendered":"<p>Informativa ai sensi del D. Lgs. n. 196\/2003 e successive modifiche ex D.L. 24 giugno 2004 n.158 (Codice in materia di protezione dei dati personali)<\/p>\n<p>Ai sensi dell&#8217;art. 13 del D.Lgs. n. 196\/2003 (ex art. 10 della legge n. 675\/96), ti informiamo che i dati personali da te forniti ed acquisiti contestualmente alla registrazione ai servizi da te scelti, saranno trattati, anche con l&#8217;ausilio di strumenti elettronici direttamente da Anteo Gioielli e\/o tramite terzi, per le seguenti finalit\u00e0 :<br \/>1) finalit\u00e0 strettamente connesse e necessarie alla registrazione al sito www.anteogioielli.com, alla fruizione dei relativi servizi. Senza tali dati non sar\u00e0 possibile fornirti i servizi richiesti. Pertanto, l&#8217;eventuale rifiuto a fornire tali dati potr\u00e0 determinare l&#8217;impossibilit\u00e0 di fruire di tali servizi.<br \/>2) finalit\u00e0 necessarie per adempiere ad un obbligo previsto dalla legge, da un regolamento o dalla normativa comunitaria quali a titolo esemplificativo la tutela dell&#8217;ordine pubblico, l&#8217;accertamento e la repressione dei reati.<\/p>\n<p>Con riferimento alle finalit\u00e0 sopra descritte il consenso riguarda anche l&#8217;attivit\u00e0 svolta da societ\u00e0 di nostra fiducia che svolgono per nostro conto compiti di natura tecnica ed organizzativa.<\/p>\n<p>Il Titolare del trattamento \u00e0\u00a8 Anteo p.i.02445370063 &#8211; 15048 Valenza (AL) &#8211; Italia. I dati saranno trattati nel rispetto delle garanzie di riservatezza e delle misure di sicurezza previste dalla normativa vigente.<br \/>Ti ricordiamo che ai sensi dell&#8217;art. 7 del D. Lgs. n. 196\/2003 (diritto di accesso ai dati personali ed altri diritti), in ogni momento puoi aggiornare, integrare e rettificare i tuoi dati dopo esserti fatto riconoscere dal sistema; puoi chiedere la cancellazione della tua registrazione al sito www.anteogioielli.com. inviando una e-mail all&#8217;indirizzo info@anteogioielli.com, utilizzando l&#8217;indirizzo di e-mail indicato in fase di registrazione e indicando lo Username per il quale si richiede la cancellazione.<br \/>Per esercitare eventuali altri diritti di accesso puoi scrivere direttamente a Anteo 15048 Valenza (AL) &#8211; Italia.<\/p>\n<p>Articolo 7 D. Lgs.n. 196\/2003 (Diritto di accesso ai dati personali ed altri diritti)<\/p>\n<p>1. L&#8217;interessato ha diritto di ottenere la conferma dell&#8217;esistenza o meno di dati personali che lo riguardano, anche se non ancora registrati, e la loro comunicazione in forma intelligibile.<\/p>\n<p>2. L&#8217;interessato ha diritto di ottenere l&#8217;indicazione di:<br \/>a) origine dei dati personali;<br \/>b) finalit\u00e0 e modalit\u00e0 del trattamento;<br \/>c) logica applicata in caso di trattamento effettuato con l&#8217;ausilio di strumenti elettronici;<br \/>d) estremi identificativi del titolare, dei responsabili e del rappresentante designato ai sensi dell&#8217;art. 5, comma 2;<br \/>e) soggetti o delle categorie di soggetti ai quali i dati personali possono essere comunicati o che possono venire a conoscenza in qualit\u00e0 di rappresentante designato nel territorio dello Stato, di responsabili o incaricati.<\/p>\n<p>3. L&#8217;interessato ha diritto di ottenere:<br \/>a) l&#8217;aggiornamento, la rettificazione ovvero, qualora vi abbia interesse, l&#8217;integrazione dei dati;<br \/>b) la cancellazione, la trasformazione in forma anonima o il blocco dei dati trattati in violazione di legge, compresi quelli di cui \u00e8 necessaria la conservazione in relazione agli scopi per i quali i dati sono stati raccolti o successivamente trattati;<br \/>c) l&#8217;attestazione che le operazioni di cui alle lettere a) e b) sono state portate a conoscenza, anche per quanto riguarda il loro contenuto, di coloro ai quali i dati sono stati comunicati o diffusi, eccettuato il caso in cui tale adempimento si riveli impossibile o comporta un impiego di mezzi manifestamente sproporzionato rispetto al diritto tutelato;<\/p>\n<p>4. L&#8217;interessato ha diritto di opporsi, in tutto o in parte:<br \/>a) per motivi legittimi, al trattamento dei dati personali che lo riguardano, ancorch\u00e0\u00a9 pertinenti allo scopo della raccolta;<br \/>b) al trattamento di dati personali che lo riguardano, previsto a fini di informazione commerciale o di invio di materiale pubblicitario o di vendita diretta ovvero per il compimento di ricerche di mercato o di comunicazione commerciale interattiva.<\/p>\n\n\n<p><\/p>\n","protected":false},"excerpt":{"rendered":"<p>Informativa ai sensi del D. Lgs. n. 196\/2003 e successive modifiche ex D.L. 24 giugno 2004 n.158 (Codice in materia di protezione dei dati personali) Ai sensi dell&#8217;art. 13 del D.Lgs. n. 196\/2003 (ex art. 10 della legge n. 675\/96), ti informiamo che i dati personali da te forniti ed acquisiti contestualmente alla registrazione ai [&hellip;]<\/p>\n","protected":false},"author":4,"featured_media":0,"parent":0,"menu_order":0,"comment_status":"closed","ping_status":"closed","template":"","meta":{"footnotes":""},"_links":{"self":[{"href":"https:\/\/anteogioielli.com\/history\/wp-json\/wp\/v2\/pages\/71"}],"collection":[{"href":"https:\/\/anteogioielli.com\/history\/wp-json\/wp\/v2\/pages"}],"about":[{"href":"https:\/\/anteogioielli.com\/history\/wp-json\/wp\/v2\/types\/page"}],"author":[{"embeddable":true,"href":"https:\/\/anteogioielli.com\/history\/wp-json\/wp\/v2\/users\/4"}],"replies":[{"embeddable":true,"href":"https:\/\/anteogioielli.com\/history\/wp-json\/wp\/v2\/comments?post=71"}],"version-history":[{"count":0,"href":"https:\/\/anteogioielli.com\/history\/wp-json\/wp\/v2\/pages\/71\/revisions"}],"wp:attachment":[{"href":"https:\/\/anteogioielli.com\/history\/wp-json\/wp\/v2\/media?parent=71"}],"curies":[{"name":"wp","href":"https:\/\/api.w.org\/{rel}","templated":true}]}}